{"id":9866,"date":"2025-10-22T10:10:47","date_gmt":"2025-10-22T10:10:47","guid":{"rendered":"https:\/\/onepropertygroup.com\/sell\/"},"modified":"2026-03-03T13:52:08","modified_gmt":"2026-03-03T13:52:08","slug":"vender","status":"publish","type":"page","link":"https:\/\/onepropertygroup.com\/es\/vender\/","title":{"rendered":"Vender"},"content":{"rendered":"\n<section    class='hero-section d-flex align-items-center position-relative pt-10 pb-5 min-vh-50 overflow-hidden'    >\n    \n\n\n    \n        <img loading=\"lazy\" decoding=\"async\"\n                        src=\"https:\/\/onepropertygroup.com\/wp-content\/uploads\/2025\/12\/sell.jpg\"\n            width=\"1920\"\n            height=\"1080\"\n            class='position-absolute top-0 start-0 w-100 h-100 object-fit-cover '             \/>\n\n        \n\n\n\n<div    class='position-absolute top-0 start-0 w-100 h-100 bg-dark bg-opacity-25'    >\n    \n<\/div>\n\n\n<div    class='container position-relative d-inline-flex flex-column align-items-start gap-4'    >\n    \n\n<div    class='d-inline-flex flex-column gap-4'    >\n    \n\n<div        >\n    \n\n<h2 class=\"wp-block-heading h1 text-white fw-light mb-0\" data-aos-child=\"\">Vende en exclusiva con<\/h2>\n\n\n\n<h1 class=\"wp-block-heading  h1 text-white fw-bold mb-5 mw-800\" data-aos-child=\"\">ONE property group<\/h1>\n\n\n\n<hr class=\"wp-block-separator has-alpha-channel-opacity text-white\" data-aos-child=\"line-width\"\/>\n\n\n<\/div>\n\n<\/div>\n\n<\/div>\n\n<\/section>\n\n\n<section    class='py-8 d-flex flex-column gap-5 gap-lg-7 bg-gray-50'    >\n    \n\n<div    class='container'    >\n    \n\n<div    class='row align-items-center'    >\n    \n\n<div    class='col-lg-6'    >\n    \n\n<div    class='mw-700 d-flex flex-column gap-5'    >\n    \n\n<h2 class=\"wp-block-heading text-primary fs-2 mb-0\" data-aos-child=\"\">\u00bfBusca vender su casa?<\/h2>\n\n\n\n<hr class=\"wp-block-separator has-alpha-channel-opacity\" data-aos-child=\"line-width\"\/>\n\n\n\n<p class=\"fs-5\" data-aos-child=\"\">Lorem ipsum dolor sit amet consectetur. Tristique imperdiet tellus dictum laoreet sed egestas. Massa cras ornare diam fringilla convallis placerat tortor cras neque. Elementum aliquam posuere at malesuada nisl faucibus. Leo adipiscing diam a felis enim vivamus mattis vulputate.<\/p>\n\n\n<\/div>\n\n<\/div>\n\n\n<div    class='col-lg-6'    >\n    \n\n\n    \n        <img loading=\"lazy\" decoding=\"async\"\n                        src=\"https:\/\/onepropertygroup.com\/wp-content\/uploads\/2025\/12\/sell1.jpg\"\n            width=\"1200\"\n            height=\"1200\"\n            class='w-100 h-auto rounded ratio-square'             \/>\n\n        \n\n\n<\/div>\n\n<\/div>\n\n<\/div>\n\n<\/section>\n\n\n<section    class='bg-primary overflow-hidden'    >\n    \n\n<hr class=\"wp-block-separator has-alpha-channel-opacity vertical-divider w-300 text-white mx-auto\" data-aos-child=\"line-width\"\/>\n\n\n\n<div    class='container pt-10 pb-8'    >\n    \n\n<div    class='row mb-3 mb-lg-8'    >\n    \n\n<div    class='col-12 text-center'    >\n    \n\n<h1 class=\"wp-block-heading  h1 fw-light text-white text-center mb-5 mw-1000 mx-auto\" data-aos-child=\"\">\u00a1Nuestro marketing, <br>paso a paso!<\/h1>\n\n\n\n<p class=\"fs-5 text-white text-center mw-700 mx-auto mb-5\" data-aos-child=\"\">Lorem ipsum dolor sit amet consectetur. Justo maecenas tristique dignissim hac non donec etiam nulla viverra. Egestas in sed velit non. Vel sollicitudin nisl ipsum egestas. Amet morbi id elementum a odio orci aliquam. Ut nibh semper lectus neque tristique eu id. In semper pharetra nulla interdum leo blandit. Porttitor iaculis eros vel et vel orci a aliquet. Et tempor ut eget faucibus ultrices leo urna dapibus diam. Nisl cursus egestas id egestas a.<\/p>\n\n\n\n<p class=\"fs-5 text-white text-center mw-700 mx-auto mb-5\" data-aos-child=\"\"><strong>\u00a1Perm\u00edtanos guiarle a trav\u00e9s del proceso, paso a paso!<\/strong><\/p>\n\n\n\n\n    \n        \n        \n            <a\n                href='#'                                class='btn btn-outline w-max mx-auto text-white'                data-aos-child=\"fade\">\n                Guia de Ventas                            <\/a>\n\n        \n    \n    \n\n<\/div>\n\n<\/div>\n\n<\/div>\n\n<\/section>\n\n\n<section    class='py-8 d-flex flex-column gap-5 gap-lg-7 bg-gray-50'    >\n    \n\n<div    class='container'    >\n    \n\n<div    class='mw-700 d-flex flex-column gap-5'    >\n    \n\n<h2 class=\"wp-block-heading text-primary fs-2 mb-0\" data-aos-child=\"\">Listado recientemente por ONE property group<\/h2>\n\n\n\n<hr class=\"wp-block-separator has-alpha-channel-opacity\" data-aos-child=\"line-width\"\/>\n\n\n\n<p class=\"fs-5\" data-aos-child=\"\">Viva una estancia sin igual mientras se sumerge en nuestras habitaciones destacadas, cuidadosamente dise\u00f1adas para ofrecer la combinaci\u00f3n perfecta de confort y lujo.<\/p>\n\n\n<\/div>\n\n<\/div>\n\n\n<div    class='container d-none d-xl-block'    >\n    \n\n\n    <h4>Properties Listing Shortcode. <small>Click here to specify which properties to show in the Front-end.<\/small><\/h6>\n\n    \n\n<\/div>\n\n\n<div    class='container d-block d-xl-none'    >\n    \n\n\n    <h4>Properties Listing Shortcode. <small>Click here to specify which properties to show in the Front-end.<\/small><\/h6>\n\n    \n\n<\/div>\n\n\n<div    class='text-center d-flex justify-content-center'    >\n    \n\n\n    \n        \n        \n            <a\n                href='#'                                class='btn btn-primary'                data-aos=\"fade\">\n                Ver todas las promociones                                    <span class=\"iconify rotate-180 fs-4\" data-icon=\"guidance:right-arrow\"><\/span>\n                            <\/a>\n\n        \n    \n    \n\n<\/div>\n\n<\/section>\n\n\n<section    class='py-8 d-flex flex-column gap-lg-7 bg-white position-relative'    >\n    \n\n\n    \n        <img loading=\"lazy\" decoding=\"async\"\n                        src=\"https:\/\/onepropertygroup.com\/wp-content\/uploads\/2025\/12\/Area-Guides-BG.jpg\"\n            width=\"2001\"\n            height=\"1334\"\n            class='position-absolute top-0 start-0 w-100 h-100 object-fit-cover'             \/>\n\n        \n\n\n\n<div    class='position-absolute top-0 start-0 w-100 h-100 bg-primary bg-opacity-50'    >\n    \n<\/div>\n\n\n<div    class='container position-relative'    >\n    \n\n<div    class='mw-600 d-flex flex-column gap-5'    >\n    \n\n<h2 class=\"wp-block-heading text-white fs-2 mb-0\" data-aos-child=\"\">Gu\u00edas de Zona<\/h2>\n\n\n\n<hr class=\"wp-block-separator has-alpha-channel-opacity text-white\" data-aos-child=\"line-width\"\/>\n\n\n\n<p class=\"text-white\" data-aos-child=\"\"><strong>Haga clic en una zona<\/strong> para explorar m\u00e1s <br>y ver propiedades en esta \u00e1rea.<\/p>\n\n\n<\/div>\n\n<\/div>\n\n\n<div    class='container position-relative'    >\n    \n\n    <!-- Desktop Map -->\n    <div class=\"d-none d-lg-block\" data-aos=\"fade\">\n        <div class=\"svg-map-container\">\n            <img decoding=\"async\" src=\"https:\/\/onepropertygroup.com\/wp-content\/uploads\/2025\/12\/Map.svg\" alt=\"\" class=\"w-100\" style=\"background-color: #ccc;\" \/>\n                    <\/div>\n    <\/div>\n    \n\n<\/div>\n\n<\/section>\n\n\n<section    class='py-8 d-flex flex-column position-relative overflow-hidden'    >\n    \n\n<div    class='container position-relative'    >\n    \n\n<div    class='row'    >\n    \n\n<div    class='col-lg-4 py-4'    >\n    \n\n<h2 class=\"wp-block-heading fs-2 mb-5 text-primary\" data-aos-child=\"\">El equipo, detr\u00e1s del \u00e9xito<\/h2>\n\n\n\n<hr class=\"wp-block-separator has-alpha-channel-opacity text-primary\" data-aos-child=\"line-width\"\/>\n\n\n<\/div>\n\n\n<div    class='col-lg-8'    >\n    \n\n<section class=\"team-members-block  py-5\">\n    <div class=\"container\">\n                    <div class=\"swiper swiper-team-members\">\n                <div class=\"swiper-wrapper\">\n                                            <div class=\"swiper-slide\">\n                            <div class=\"team-member-card ratio ratio-3x4\">\n                                <div class=\"member-bg\" style=\"background-image: url('https:\/\/onepropertygroup.com\/wp-content\/uploads\/2025\/12\/Rectangle-22-1600x1067-85-1024x683.jpg');\"><\/div>\n                                \n                                <div class=\"member-content\">\n                                    <div class=\"member-header\">\n                                        <div class=\"member-info\">\n                                            <h3 class=\"member-name\">Oliver Hornby<\/h3>\n                                            <p class=\"member-position\">Fundador<\/p>\n                                        <\/div>\n                                                                                    <a href=\"tel:+34 663 926 101\" class=\"btn-icon phone-btn\" aria-label=\"Call Oliver Hornby\">\n                                                <span class=\"iconify\" data-icon=\"hugeicons:call-02\"><\/span>\n                                            <\/a>\n                                                                            <\/div>\n\n                                    <div class=\"member-details\">\n                                                                                    <div class=\"member-description\">\n                                                Durante la \u00faltima d\u00e9cada, Oliver se ha convertido en una figura l\u00edder en el mercado de nuevas promociones de la Costa del Sol. Al haber crecido en Espa\u00f1a, Oliver posee un conocimiento real del mercado inmobiliario local, ofreciendo una experiencia inigualable y un entusiasmo genuino, lo que brinda a los clientes que buscan la casa de sus sue\u00f1os en Espa\u00f1a la confianza necesaria para tomar la elecci\u00f3n perfecta.                                            <\/div>\n                                        \n                                        <div class=\"member-socials\">\n                                                                                            <a href=\"https:\/\/wa.me\/34663926101\" target=\"_blank\" class=\"social-btn whatsapp\" aria-label=\"WhatsApp\">\n                                                    <span class=\"iconify\" data-icon=\"hugeicons:whatsapp\"><\/span>\n                                                <\/a>\n                                                                                        \n                                                                                            <a href=\"mailto:info@onepropertygroup.com\" class=\"social-btn email\" aria-label=\"Email\">\n                                                    <span class=\"iconify\" data-icon=\"hugeicons:mail-01\"><\/span>\n                                                <\/a>\n                                                                                        \n                                                                                            <a href=\"https:\/\/www.linkedin.com\/in\/oliver-james-hornby-1b3415b7\" target=\"_blank\" class=\"social-btn linkedin\" aria-label=\"LinkedIn\">\n                                                    <span class=\"iconify\" data-icon=\"hugeicons:linkedin-02\"><\/span>\n                                                <\/a>\n                                                                                    <\/div>\n                                    <\/div>\n                                <\/div>\n                            <\/div>\n                        <\/div>\n                                            <div class=\"swiper-slide\">\n                            <div class=\"team-member-card ratio ratio-3x4\">\n                                <div class=\"member-bg\" style=\"background-image: url('https:\/\/onepropertygroup.com\/wp-content\/uploads\/2025\/12\/Rectangle-22_1-800x1200-85-683x1024.jpg');\"><\/div>\n                                \n                                <div class=\"member-content\">\n                                    <div class=\"member-header\">\n                                        <div class=\"member-info\">\n                                            <h3 class=\"member-name\">Kara Bingham<\/h3>\n                                            <p class=\"member-position\">Especialista en nuevas promociones<\/p>\n                                        <\/div>\n                                                                                    <a href=\"tel:+34 653 582 333\" class=\"btn-icon phone-btn\" aria-label=\"Call Kara Bingham\">\n                                                <span class=\"iconify\" data-icon=\"hugeicons:call-02\"><\/span>\n                                            <\/a>\n                                                                            <\/div>\n\n                                    <div class=\"member-details\">\n                                                                                    <div class=\"member-description\">\n                                                M\u00e1s de 25 a\u00f1os de experiencia inmobiliaria en Espa\u00f1a le han otorgado a Kara un amplio conocimiento del panorama de las nuevas promociones. Al trabajar solo con las mejores promociones de obra nueva en la Costa del Sol, ella hace todo lo posible para comprender y apoyar a sus clientes en el camino hacia la b\u00fasqueda de su nuevo hogar ideal.                                            <\/div>\n                                        \n                                        <div class=\"member-socials\">\n                                                                                            <a href=\"https:\/\/wa.me\/34653582333\" target=\"_blank\" class=\"social-btn whatsapp\" aria-label=\"WhatsApp\">\n                                                    <span class=\"iconify\" data-icon=\"hugeicons:whatsapp\"><\/span>\n                                                <\/a>\n                                                                                        \n                                                                                            <a href=\"mailto:info@onepropertygroup.com\" class=\"social-btn email\" aria-label=\"Email\">\n                                                    <span class=\"iconify\" data-icon=\"hugeicons:mail-01\"><\/span>\n                                                <\/a>\n                                                                                        \n                                                                                    <\/div>\n                                    <\/div>\n                                <\/div>\n                            <\/div>\n                        <\/div>\n                                    <\/div>\n                <div class=\"swiper-button swiper-button-prev\"><\/div>\n                <div class=\"swiper-button swiper-button-next\"><\/div>\n            <\/div>\n            <\/div>\n<\/section>\n\n\n<\/div>\n\n<\/div>\n\n<\/div>\n\n<\/section>","protected":false},"excerpt":{"rendered":"","protected":false},"author":1,"featured_media":0,"parent":0,"menu_order":0,"comment_status":"closed","ping_status":"closed","template":"","meta":{"footnotes":""},"page-category":[],"class_list":["post-9866","page","type-page","status-publish","hentry"],"yoast_head":"<!-- This site is optimized with the Yoast SEO plugin v27.2 - https:\/\/yoast.com\/product\/yoast-seo-wordpress\/ -->\n<title>Vender - One Property Group<\/title>\n<meta name=\"robots\" content=\"index, follow, max-snippet:-1, max-image-preview:large, max-video-preview:-1\" \/>\n<link rel=\"canonical\" href=\"https:\/\/onepropertygroup.com\/es\/vender\/\" \/>\n<meta property=\"og:locale\" content=\"es_ES\" \/>\n<meta property=\"og:type\" content=\"article\" \/>\n<meta property=\"og:title\" content=\"Vender - One Property Group\" \/>\n<meta property=\"og:url\" content=\"https:\/\/onepropertygroup.com\/es\/vender\/\" \/>\n<meta property=\"og:site_name\" content=\"One Property Group\" \/>\n<meta property=\"article:modified_time\" content=\"2026-03-03T13:52:08+00:00\" \/>\n<meta name=\"twitter:card\" content=\"summary_large_image\" \/>\n<meta name=\"twitter:label1\" content=\"Tiempo de lectura\" \/>\n\t<meta name=\"twitter:data1\" content=\"1 minuto\" \/>\n<script type=\"application\/ld+json\" class=\"yoast-schema-graph\">{\"@context\":\"https:\/\/schema.org\",\"@graph\":[{\"@type\":\"WebPage\",\"@id\":\"https:\/\/onepropertygroup.com\/es\/vender\/\",\"url\":\"https:\/\/onepropertygroup.com\/es\/vender\/\",\"name\":\"Vender - One Property Group\",\"isPartOf\":{\"@id\":\"https:\/\/onepropertygroup.com\/#website\"},\"datePublished\":\"2025-10-22T10:10:47+00:00\",\"dateModified\":\"2026-03-03T13:52:08+00:00\",\"breadcrumb\":{\"@id\":\"https:\/\/onepropertygroup.com\/es\/vender\/#breadcrumb\"},\"inLanguage\":\"es\",\"potentialAction\":[{\"@type\":\"ReadAction\",\"target\":[\"https:\/\/onepropertygroup.com\/es\/vender\/\"]}]},{\"@type\":\"BreadcrumbList\",\"@id\":\"https:\/\/onepropertygroup.com\/es\/vender\/#breadcrumb\",\"itemListElement\":[{\"@type\":\"ListItem\",\"position\":1,\"name\":\"Home\",\"item\":\"https:\/\/onepropertygroup.com\/es\/\"},{\"@type\":\"ListItem\",\"position\":2,\"name\":\"Vender\"}]},{\"@type\":\"WebSite\",\"@id\":\"https:\/\/onepropertygroup.com\/#website\",\"url\":\"https:\/\/onepropertygroup.com\/\",\"name\":\"One Property Group\",\"description\":\"\",\"publisher\":{\"@id\":\"https:\/\/onepropertygroup.com\/#organization\"},\"potentialAction\":[{\"@type\":\"SearchAction\",\"target\":{\"@type\":\"EntryPoint\",\"urlTemplate\":\"https:\/\/onepropertygroup.com\/?s={search_term_string}\"},\"query-input\":{\"@type\":\"PropertyValueSpecification\",\"valueRequired\":true,\"valueName\":\"search_term_string\"}}],\"inLanguage\":\"es\"},{\"@type\":\"Organization\",\"@id\":\"https:\/\/onepropertygroup.com\/#organization\",\"name\":\"One Property Group\",\"url\":\"https:\/\/onepropertygroup.com\/\",\"logo\":{\"@type\":\"ImageObject\",\"inLanguage\":\"es\",\"@id\":\"https:\/\/onepropertygroup.com\/#\/schema\/logo\/image\/\",\"url\":\"https:\/\/onepropertygroup.com\/wp-content\/uploads\/2025\/11\/ONE_PROPERTY_GROUP_LOGO_WHITE-01-inject-1.svg\",\"contentUrl\":\"https:\/\/onepropertygroup.com\/wp-content\/uploads\/2025\/11\/ONE_PROPERTY_GROUP_LOGO_WHITE-01-inject-1.svg\",\"caption\":\"One Property Group\"},\"image\":{\"@id\":\"https:\/\/onepropertygroup.com\/#\/schema\/logo\/image\/\"}}]}<\/script>\n<!-- \/ Yoast SEO plugin. -->","yoast_head_json":{"title":"Vender - One Property Group","robots":{"index":"index","follow":"follow","max-snippet":"max-snippet:-1","max-image-preview":"max-image-preview:large","max-video-preview":"max-video-preview:-1"},"canonical":"https:\/\/onepropertygroup.com\/es\/vender\/","og_locale":"es_ES","og_type":"article","og_title":"Vender - One Property Group","og_url":"https:\/\/onepropertygroup.com\/es\/vender\/","og_site_name":"One Property Group","article_modified_time":"2026-03-03T13:52:08+00:00","twitter_card":"summary_large_image","twitter_misc":{"Tiempo de lectura":"1 minuto"},"schema":{"@context":"https:\/\/schema.org","@graph":[{"@type":"WebPage","@id":"https:\/\/onepropertygroup.com\/es\/vender\/","url":"https:\/\/onepropertygroup.com\/es\/vender\/","name":"Vender - One Property Group","isPartOf":{"@id":"https:\/\/onepropertygroup.com\/#website"},"datePublished":"2025-10-22T10:10:47+00:00","dateModified":"2026-03-03T13:52:08+00:00","breadcrumb":{"@id":"https:\/\/onepropertygroup.com\/es\/vender\/#breadcrumb"},"inLanguage":"es","potentialAction":[{"@type":"ReadAction","target":["https:\/\/onepropertygroup.com\/es\/vender\/"]}]},{"@type":"BreadcrumbList","@id":"https:\/\/onepropertygroup.com\/es\/vender\/#breadcrumb","itemListElement":[{"@type":"ListItem","position":1,"name":"Home","item":"https:\/\/onepropertygroup.com\/es\/"},{"@type":"ListItem","position":2,"name":"Vender"}]},{"@type":"WebSite","@id":"https:\/\/onepropertygroup.com\/#website","url":"https:\/\/onepropertygroup.com\/","name":"One Property Group","description":"","publisher":{"@id":"https:\/\/onepropertygroup.com\/#organization"},"potentialAction":[{"@type":"SearchAction","target":{"@type":"EntryPoint","urlTemplate":"https:\/\/onepropertygroup.com\/?s={search_term_string}"},"query-input":{"@type":"PropertyValueSpecification","valueRequired":true,"valueName":"search_term_string"}}],"inLanguage":"es"},{"@type":"Organization","@id":"https:\/\/onepropertygroup.com\/#organization","name":"One Property Group","url":"https:\/\/onepropertygroup.com\/","logo":{"@type":"ImageObject","inLanguage":"es","@id":"https:\/\/onepropertygroup.com\/#\/schema\/logo\/image\/","url":"https:\/\/onepropertygroup.com\/wp-content\/uploads\/2025\/11\/ONE_PROPERTY_GROUP_LOGO_WHITE-01-inject-1.svg","contentUrl":"https:\/\/onepropertygroup.com\/wp-content\/uploads\/2025\/11\/ONE_PROPERTY_GROUP_LOGO_WHITE-01-inject-1.svg","caption":"One Property Group"},"image":{"@id":"https:\/\/onepropertygroup.com\/#\/schema\/logo\/image\/"}}]}},"meta_box":{"restrict_access":"0"},"_links":{"self":[{"href":"https:\/\/onepropertygroup.com\/es\/wp-json\/wp\/v2\/pages\/9866","targetHints":{"allow":["GET"]}}],"collection":[{"href":"https:\/\/onepropertygroup.com\/es\/wp-json\/wp\/v2\/pages"}],"about":[{"href":"https:\/\/onepropertygroup.com\/es\/wp-json\/wp\/v2\/types\/page"}],"author":[{"embeddable":true,"href":"https:\/\/onepropertygroup.com\/es\/wp-json\/wp\/v2\/users\/1"}],"replies":[{"embeddable":true,"href":"https:\/\/onepropertygroup.com\/es\/wp-json\/wp\/v2\/comments?post=9866"}],"version-history":[{"count":1,"href":"https:\/\/onepropertygroup.com\/es\/wp-json\/wp\/v2\/pages\/9866\/revisions"}],"predecessor-version":[{"id":9908,"href":"https:\/\/onepropertygroup.com\/es\/wp-json\/wp\/v2\/pages\/9866\/revisions\/9908"}],"wp:attachment":[{"href":"https:\/\/onepropertygroup.com\/es\/wp-json\/wp\/v2\/media?parent=9866"}],"wp:term":[{"taxonomy":"page-category","embeddable":true,"href":"https:\/\/onepropertygroup.com\/es\/wp-json\/wp\/v2\/page-category?post=9866"}],"curies":[{"name":"wp","href":"https:\/\/api.w.org\/{rel}","templated":true}]}}