{"id":9803,"date":"2025-10-22T10:06:00","date_gmt":"2025-10-22T10:06:00","guid":{"rendered":"https:\/\/onepropertygroup.com\/about-us-2\/"},"modified":"2026-03-03T10:38:26","modified_gmt":"2026-03-03T10:38:26","slug":"nosotros","status":"publish","type":"page","link":"https:\/\/onepropertygroup.com\/es\/nosotros\/","title":{"rendered":"Sobre Nosotros"},"content":{"rendered":"\n<section    class='hero-section d-flex align-items-center position-relative pt-10 pb-5 min-vh-50 overflow-hidden'    >\n    \n\n\n    \n        <img loading=\"lazy\" decoding=\"async\"\n                        src=\"https:\/\/onepropertygroup.com\/wp-content\/uploads\/2026\/01\/Urbanizacion-Nocturna.jpg\"\n            width=\"5264\"\n            height=\"3942\"\n            class='position-absolute top-0 start-0 w-100 h-100 object-fit-cover '             \/>\n\n        \n\n\n\n<div    class='position-absolute top-0 start-0 w-100 h-100 bg-dark bg-opacity-25'    >\n    \n<\/div>\n\n\n<div    class='container position-relative d-inline-flex flex-column align-items-start gap-4'    >\n    \n\n<div    class='d-inline-flex flex-column gap-4'    >\n    \n\n<div        >\n    \n\n<h1 class=\"wp-block-heading  h1 text-white fw-bold mb-0 mw-800\" data-aos-child=\"\">One Property Group<\/h1>\n\n\n\n<h2 class=\"wp-block-heading h1 text-white fw-light mb-0\" data-aos-child=\"\">Especialistas en Nuevos Desarrollos<\/h2>\n\n\n<\/div>\n\n\n<hr class=\"wp-block-separator has-alpha-channel-opacity text-white\" data-aos-child=\"line-width\"\/>\n\n\n<\/div>\n\n<\/div>\n\n<\/section>\n\n\n<section    class='py-8'    >\n    \n\n<div    class='container'    >\n    \n\n<div    class='row mb-3 mb-lg-8'    >\n    \n\n<div    class='col-auto mw-800 w-100'    >\n    \n\n<h1 class=\"wp-block-heading fs-2 fs-lg-1 fw-light text-primary mb-3 mb-lg-5\" data-aos-child=\"\"><strong>Qu\u00e9 nos hace diferentes<\/strong><\/h1>\n\n\n\n<hr class=\"wp-block-separator has-alpha-channel-opacity\" data-aos-child=\"line-width\"\/>\n\n\n\n<p class=\"pt-3 pt-lg-5  fs-5\" data-aos-child=\"\">Somos especialistas en nuevas promociones en la Costa del Sol. Ayudamos a compradores internacionales a comparar las mejores oportunidades sobre plano en todo el mercado, para luego elegir la unidad adecuada con disponibilidad clara, precios y los siguientes pasos a seguir.<\/p>\n\n\n<\/div>\n\n<\/div>\n\n\n<div    class='row gx-10 align-items-center'    >\n    \n\n<div    class='col-lg-6 d-none d-lg-block'    >\n    \n\n\n    \n        <img loading=\"lazy\" decoding=\"async\"\n                        src=\"https:\/\/onepropertygroup.com\/wp-content\/uploads\/2026\/01\/ZZCC-Piscina-03.jpg\"\n            width=\"3000\"\n            height=\"2109\"\n            class='w-100 h-auto ratio-5x7 rounded object-fit-cover'            data-aos-child=\"fade\" \/>\n\n        \n\n\n<\/div>\n\n\n<div    class='col-lg-6 py-5 px-lg-8'    >\n    \n\n<section class=\"accordion-block \">\n    <div class=\"accordion\" id=\"accordion-2022\">\n                    <div class=\"accordion-item\" data-aos-child=\"fade\">\n                <h2 class=\"accordion-header\" id=\"accordion-2022-item-0\">\n                    <button class=\"accordion-button \" type=\"button\" data-bs-toggle=\"collapse\" data-bs-target=\"#accordion-2022-collapse-0\" aria-expanded=\"true\" aria-controls=\"accordion-2022-collapse-0\">\n                        <p>1 &#8211; Experiencia local que protege su decisi\u00f3n<\/p>                    <\/button>\n                <\/h2>\n                <div id=\"accordion-2022-collapse-0\" class=\"accordion-collapse collapse show\" aria-labelledby=\"accordion-2022-item-0\" data-bs-parent=\"#accordion-2022\">\n                    <div class=\"accordion-body\">\n                        <p>Vivimos y trabajamos en la Costa del Sol y sabemos qu\u00e9 es lo que marca la diferencia: microubicaciones, protecci\u00f3n de vistas, factores de ruido, infraestructuras futuras y qu\u00e9 promociones mantienen su valor a lo largo del tiempo. Recibir\u00e1 orientaci\u00f3n pr\u00e1ctica, no informaci\u00f3n gen\u00e9rica sobre la zona.<\/p>                    <\/div>\n                <\/div>\n            <\/div>\n                    <div class=\"accordion-item\" data-aos-child=\"fade\">\n                <h2 class=\"accordion-header\" id=\"accordion-2022-item-1\">\n                    <button class=\"accordion-button collapsed\" type=\"button\" data-bs-toggle=\"collapse\" data-bs-target=\"#accordion-2022-collapse-1\" aria-expanded=\"false\" aria-controls=\"accordion-2022-collapse-1\">\n                        <p>2- Promociones de obra nueva verificadas<\/p>                    <\/button>\n                <\/h2>\n                <div id=\"accordion-2022-collapse-1\" class=\"accordion-collapse collapse \" aria-labelledby=\"accordion-2022-item-1\" data-bs-parent=\"#accordion-2022\">\n                    <div class=\"accordion-body\">\n                        <p>Antes de recomendar un proyecto, lo evaluamos mediante una lista de control clara: historial del promotor, especificaciones de construcci\u00f3n, dise\u00f1o de la comunidad, fase y estrategia de precios, orientaci\u00f3n y vistas, y demanda real de alquiler y reventa. Si no cumple el est\u00e1ndar, no entra en su lista de preseleccionados.<\/p>                    <\/div>\n                <\/div>\n            <\/div>\n                    <div class=\"accordion-item\" data-aos-child=\"fade\">\n                <h2 class=\"accordion-header\" id=\"accordion-2022-item-2\">\n                    <button class=\"accordion-button collapsed\" type=\"button\" data-bs-toggle=\"collapse\" data-bs-target=\"#accordion-2022-collapse-2\" aria-expanded=\"false\" aria-controls=\"accordion-2022-collapse-2\">\n                        <p>3- Listas de selecci\u00f3n enfocadas al comprador con recomendaciones transparentes<\/p>                    <\/button>\n                <\/h2>\n                <div id=\"accordion-2022-collapse-2\" class=\"accordion-collapse collapse \" aria-labelledby=\"accordion-2022-item-2\" data-bs-parent=\"#accordion-2022\">\n                    <div class=\"accordion-body\">\n                        <p>Usted nos indica sus objetivos, presupuesto, plazos y lista de deseos. Nosotros le explicamos por qu\u00e9 cada opci\u00f3n ha sido seleccionada y cu\u00e1les son las ventajas y desventajas, para que pueda elegir con confianza y no bas\u00e1ndose en lo que es m\u00e1s f\u00e1cil de vender.<\/p>                    <\/div>\n                <\/div>\n            <\/div>\n                    <div class=\"accordion-item\" data-aos-child=\"fade\">\n                <h2 class=\"accordion-header\" id=\"accordion-2022-item-3\">\n                    <button class=\"accordion-button collapsed\" type=\"button\" data-bs-toggle=\"collapse\" data-bs-target=\"#accordion-2022-collapse-3\" aria-expanded=\"false\" aria-controls=\"accordion-2022-collapse-3\">\n                        <p>4- Soporte hasta la finalizaci\u00f3n y tras la entrega de llaves<\/p>                    <\/button>\n                <\/h2>\n                <div id=\"accordion-2022-collapse-3\" class=\"accordion-collapse collapse \" aria-labelledby=\"accordion-2022-item-3\" data-bs-parent=\"#accordion-2022\">\n                    <div class=\"accordion-body\">\n                        <p>Seguimos involucrados m\u00e1s all\u00e1 de la reserva. Desde la coordinaci\u00f3n de los siguientes pasos y la presentaci\u00f3n de especialistas de confianza, hasta el apoyo en la revisi\u00f3n de desperfectos (snagging) y la transici\u00f3n pr\u00e1ctica a la propiedad, nos aseguramos de que se sienta acompa\u00f1ado desde la primera llamada hasta despu\u00e9s de la entrega.<\/p>                    <\/div>\n                <\/div>\n            <\/div>\n            <\/div>\n<\/section>\n\n\n<\/div>\n\n<\/div>\n\n<\/div>\n\n<\/section>\n\n\n<section    class='bg-primary'    >\n    \n\n<hr class=\"wp-block-separator has-alpha-channel-opacity vertical-divider w-300 text-white mx-auto\"\/>\n\n\n\n<div    class='container pt-10 pb-8'    >\n    \n\n<div    class='row mb-3 mb-lg-8'    >\n    \n\n<div    class='col-12 text-center'    >\n    \n\n<h1 class=\"wp-block-heading  h1 fw-light text-white text-center mb-5 mw-1000 mx-auto\" data-aos-child=\"\">Un proceso claro desde la preselecci\u00f3n hasta la finalizaci\u00f3n<\/h1>\n\n\n\n<p class=\"fs-5 text-white text-center mw-600 mx-auto mb-5\" data-aos-child=\"\">D\u00edganos qu\u00e9 es lo que busca y nosotros seleccionaremos las mejores promociones de obra nueva, confirmaremos la disponibilidad real y le guiaremos en cada etapa, hasta la finalizaci\u00f3n y despu\u00e9s de la entrega de llaves.<\/p>\n\n\n\n\n    \n        \n        \n            <a\n                href='https:\/\/onepropertygroup.typeform.com\/to\/md12h9UY'                                class='btn btn-outline w-max mx-auto text-white'                >\n                Obtenga su lista de selecci\u00f3n                            <\/a>\n\n        \n    \n    \n\n<\/div>\n\n<\/div>\n\n<\/div>\n\n<\/section>\n\n\n<section    class='py-8'    >\n    \n\n<section class=\"tabs-steps \" data-aos-group=\"split-up\">\n    <div class=\"container\">\n        <!-- Nav Tabs -->\n        <div class=\"tabs-steps__nav-wrapper\">\n            <ul class=\"nav nav-tabs tabs-steps__nav\" id=\"tabs-steps-69de6f169573b-tabs\" role=\"tablist\">\n                                    <li class=\"nav-item\" role=\"presentation\" data-aos-child=\"fade\">\n                        <button class=\"nav-link active\" \n                                id=\"tabs-steps-69de6f169573b-tab-0\" \n                                data-bs-toggle=\"tab\" \n                                data-bs-target=\"#tabs-steps-69de6f169573b-pane-0\" \n                                type=\"button\" \n                                role=\"tab\" \n                                aria-controls=\"tabs-steps-69de6f169573b-pane-0\" \n                                aria-selected=\"true\">\n                            1                        <\/button>\n                    <\/li>\n                                    <li class=\"nav-item\" role=\"presentation\" data-aos-child=\"fade\">\n                        <button class=\"nav-link \" \n                                id=\"tabs-steps-69de6f169573b-tab-1\" \n                                data-bs-toggle=\"tab\" \n                                data-bs-target=\"#tabs-steps-69de6f169573b-pane-1\" \n                                type=\"button\" \n                                role=\"tab\" \n                                aria-controls=\"tabs-steps-69de6f169573b-pane-1\" \n                                aria-selected=\"false\">\n                            2                        <\/button>\n                    <\/li>\n                                    <li class=\"nav-item\" role=\"presentation\" data-aos-child=\"fade\">\n                        <button class=\"nav-link \" \n                                id=\"tabs-steps-69de6f169573b-tab-2\" \n                                data-bs-toggle=\"tab\" \n                                data-bs-target=\"#tabs-steps-69de6f169573b-pane-2\" \n                                type=\"button\" \n                                role=\"tab\" \n                                aria-controls=\"tabs-steps-69de6f169573b-pane-2\" \n                                aria-selected=\"false\">\n                            3                        <\/button>\n                    <\/li>\n                            <\/ul>\n            <div class=\"tabs-steps__line\" data-aos-child=\"line-width\"><\/div>\n        <\/div>\n\n        <!-- Tab Content -->\n        <div class=\"tab-content tabs-steps__content\" id=\"tabs-steps-69de6f169573b-content\">\n                            <div class=\"tab-pane fade show active\" \n                     id=\"tabs-steps-69de6f169573b-pane-0\" \n                     role=\"tabpanel\" \n                     aria-labelledby=\"tabs-steps-69de6f169573b-tab-0\" \n                     tabindex=\"0\">\n                    \n                    <div class=\"row align-items-stretch\">\n                        <!-- Left Image -->\n                        <div class=\"col-lg-4 mb-4 mb-lg-0\">\n                                                            <div class=\"tabs-steps__image-wrapper\">\n                                    <img decoding=\"async\" src=\"https:\/\/onepropertygroup.com\/wp-content\/uploads\/2026\/01\/ZZCC-Spa-01-1024x680.jpg\" alt=\"Step Image Left\" class=\"img-fluid tabs-steps__image\" data-aos-delay=\"500\" data-aos-child=\"fade\">\n                                <\/div>\n                                                    <\/div>\n\n                        <!-- Content -->\n                        <div class=\"col-lg-4 mb-4 mb-lg-0 text-center\">\n                            <div class=\"tabs-steps__text-content\">\n                                                                    <div class=\"tabs-steps__title mb-4\" data-aos-child>\n                                        <p><strong>D\u00edganos qu\u00e9 es lo que busca<\/strong><\/p>                                    <\/div>\n                                                                \n                                                                    <div class=\"tabs-steps__description\" data-aos-child>\n                                        <p>D\u00edganos su presupuesto, plazos, zonas preferidas y prioridades. Esto nos proporciona la informaci\u00f3n necesaria para seleccionar las promociones de obra nueva adecuadas y evitar que pierda el tiempo.<\/p>\r\n<p style=\"text-align: center\"><a href=\"https:\/\/onepropertygroup.typeform.com\/to\/md12h9UY?utm_source=xxxxx&amp;utm_campaign=xxxxx&amp;utm_term=xxxxx&amp;utm_medium=xxxxx&amp;utm_content=xxxxx&amp;utm_network=xxxxx&amp;utm_device=xxxxx#entry_url=xxxxx\" target=\"_blank\" rel=\"noopener\">Crear un perfil de busqueda<\/a><\/p>\r\n<p style=\"text-align: center\">(Solo le llevar\u00e1 60 segundos)<\/p>                                    <\/div>\n                                                            <\/div>\n                        <\/div>\n\n                        <!-- Right Image -->\n                        <div class=\"col-lg-4\">\n                                                            <div class=\"tabs-steps__image-wrapper\">\n                                    <img decoding=\"async\" src=\"https:\/\/onepropertygroup.com\/wp-content\/uploads\/2025\/12\/ddadaffb-8394-452d-861b-fd3eeab872b7.jpg\" alt=\"Step Image Right\" class=\"img-fluid tabs-steps__image\" data-aos-child=\"fade\">\n                                <\/div>\n                                                    <\/div>\n                    <\/div>\n\n                <\/div>\n                            <div class=\"tab-pane fade \" \n                     id=\"tabs-steps-69de6f169573b-pane-1\" \n                     role=\"tabpanel\" \n                     aria-labelledby=\"tabs-steps-69de6f169573b-tab-1\" \n                     tabindex=\"0\">\n                    \n                    <div class=\"row align-items-stretch\">\n                        <!-- Left Image -->\n                        <div class=\"col-lg-4 mb-4 mb-lg-0\">\n                                                            <div class=\"tabs-steps__image-wrapper\">\n                                    <img decoding=\"async\" src=\"https:\/\/onepropertygroup.com\/wp-content\/uploads\/2025\/12\/Rectangle-247-819x1024.jpg\" alt=\"Step Image Left\" class=\"img-fluid tabs-steps__image\" data-aos-delay=\"500\" data-aos-child=\"fade\">\n                                <\/div>\n                                                    <\/div>\n\n                        <!-- Content -->\n                        <div class=\"col-lg-4 mb-4 mb-lg-0 text-center\">\n                            <div class=\"tabs-steps__text-content\">\n                                                                    <div class=\"tabs-steps__title mb-4\" data-aos-child>\n                                        <p><strong>Seleccionamos y verificamos las mejores opciones\u00a0<\/strong><\/p>                                    <\/div>\n                                                                \n                                                                    <div class=\"tabs-steps__description\" data-aos-child>\n                                        <p>Revisamos el mercado utilizando nuestra lista de verificaci\u00f3n: historial del promotor, especificaciones de construcci\u00f3n, calidad de la comunidad, plan de pagos y demanda real de reventa o alquiler. A continuaci\u00f3n, confirmamos la disponibilidad e identificamos las mejores unidades seg\u00fan sus criterios.<\/p>\r\n<p><em>\u201cNo cobramos ninguna comisi\u00f3n a los compradores. El promotor nos paga una tarifa de presentaci\u00f3n, y nuestro negocio se basa en clientes recurrentes y recomendaciones.\u201d<\/em><\/p>                                    <\/div>\n                                                            <\/div>\n                        <\/div>\n\n                        <!-- Right Image -->\n                        <div class=\"col-lg-4\">\n                                                            <div class=\"tabs-steps__image-wrapper\">\n                                    <img decoding=\"async\" src=\"https:\/\/onepropertygroup.com\/wp-content\/uploads\/2025\/12\/Rectangle-248-1024x683.jpg\" alt=\"Step Image Right\" class=\"img-fluid tabs-steps__image\" data-aos-child=\"fade\">\n                                <\/div>\n                                                    <\/div>\n                    <\/div>\n\n                <\/div>\n                            <div class=\"tab-pane fade \" \n                     id=\"tabs-steps-69de6f169573b-pane-2\" \n                     role=\"tabpanel\" \n                     aria-labelledby=\"tabs-steps-69de6f169573b-tab-2\" \n                     tabindex=\"0\">\n                    \n                    <div class=\"row align-items-stretch\">\n                        <!-- Left Image -->\n                        <div class=\"col-lg-4 mb-4 mb-lg-0\">\n                                                            <div class=\"tabs-steps__image-wrapper\">\n                                    <img decoding=\"async\" src=\"https:\/\/onepropertygroup.com\/wp-content\/uploads\/2025\/12\/Img-category-footer3-webp-1024x574.jpg\" alt=\"Step Image Left\" class=\"img-fluid tabs-steps__image\" data-aos-delay=\"500\" data-aos-child=\"fade\">\n                                <\/div>\n                                                    <\/div>\n\n                        <!-- Content -->\n                        <div class=\"col-lg-4 mb-4 mb-lg-0 text-center\">\n                            <div class=\"tabs-steps__text-content\">\n                                                                    <div class=\"tabs-steps__title mb-4\" data-aos-child>\n                                        <p><strong>Reserve una llamada para revisar su lista de selecci\u00f3n<\/strong><\/p>                                    <\/div>\n                                                                \n                                                                    <div class=\"tabs-steps__description\" data-aos-child>\n                                        <p>En la llamada presentamos su selecci\u00f3n personalizada, explicamos los pros y los contras, y le orientamos sobre los siguientes pasos. Si va a visitar Espa\u00f1a, tambi\u00e9n planificaremos visitas eficientes en las fechas de su estancia.<\/p>                                    <\/div>\n                                                            <\/div>\n                        <\/div>\n\n                        <!-- Right Image -->\n                        <div class=\"col-lg-4\">\n                                                            <div class=\"tabs-steps__image-wrapper\">\n                                    <img decoding=\"async\" src=\"https:\/\/onepropertygroup.com\/wp-content\/uploads\/2025\/12\/Img-category-footer2-webp-1024x682.jpg\" alt=\"Step Image Right\" class=\"img-fluid tabs-steps__image\" data-aos-child=\"fade\">\n                                <\/div>\n                                                    <\/div>\n                    <\/div>\n\n                <\/div>\n                    <\/div>\n    <\/div>\n<\/section>\n\n\n<\/section>","protected":false},"excerpt":{"rendered":"","protected":false},"author":1,"featured_media":0,"parent":0,"menu_order":0,"comment_status":"closed","ping_status":"closed","template":"","meta":{"footnotes":""},"page-category":[],"class_list":["post-9803","page","type-page","status-publish","hentry"],"yoast_head":"<!-- This site is optimized with the Yoast SEO plugin v27.2 - https:\/\/yoast.com\/product\/yoast-seo-wordpress\/ -->\n<title>Sobre Nosotros - One Property Group<\/title>\n<meta name=\"robots\" content=\"index, follow, max-snippet:-1, max-image-preview:large, max-video-preview:-1\" \/>\n<link rel=\"canonical\" href=\"https:\/\/onepropertygroup.com\/es\/nosotros\/\" \/>\n<meta property=\"og:locale\" content=\"es_ES\" \/>\n<meta property=\"og:type\" content=\"article\" \/>\n<meta property=\"og:title\" content=\"Sobre Nosotros - One Property Group\" \/>\n<meta property=\"og:url\" content=\"https:\/\/onepropertygroup.com\/es\/nosotros\/\" \/>\n<meta property=\"og:site_name\" content=\"One Property Group\" \/>\n<meta property=\"article:modified_time\" content=\"2026-03-03T10:38:26+00:00\" \/>\n<meta name=\"twitter:card\" content=\"summary_large_image\" \/>\n<meta name=\"twitter:label1\" content=\"Tiempo de lectura\" \/>\n\t<meta name=\"twitter:data1\" content=\"1 minuto\" \/>\n<script type=\"application\/ld+json\" class=\"yoast-schema-graph\">{\"@context\":\"https:\/\/schema.org\",\"@graph\":[{\"@type\":\"WebPage\",\"@id\":\"https:\/\/onepropertygroup.com\/es\/nosotros\/\",\"url\":\"https:\/\/onepropertygroup.com\/es\/nosotros\/\",\"name\":\"Sobre Nosotros - One Property Group\",\"isPartOf\":{\"@id\":\"https:\/\/onepropertygroup.com\/#website\"},\"datePublished\":\"2025-10-22T10:06:00+00:00\",\"dateModified\":\"2026-03-03T10:38:26+00:00\",\"breadcrumb\":{\"@id\":\"https:\/\/onepropertygroup.com\/es\/nosotros\/#breadcrumb\"},\"inLanguage\":\"es\",\"potentialAction\":[{\"@type\":\"ReadAction\",\"target\":[\"https:\/\/onepropertygroup.com\/es\/nosotros\/\"]}]},{\"@type\":\"BreadcrumbList\",\"@id\":\"https:\/\/onepropertygroup.com\/es\/nosotros\/#breadcrumb\",\"itemListElement\":[{\"@type\":\"ListItem\",\"position\":1,\"name\":\"Home\",\"item\":\"https:\/\/onepropertygroup.com\/es\/\"},{\"@type\":\"ListItem\",\"position\":2,\"name\":\"Sobre Nosotros\"}]},{\"@type\":\"WebSite\",\"@id\":\"https:\/\/onepropertygroup.com\/#website\",\"url\":\"https:\/\/onepropertygroup.com\/\",\"name\":\"One Property Group\",\"description\":\"\",\"publisher\":{\"@id\":\"https:\/\/onepropertygroup.com\/#organization\"},\"potentialAction\":[{\"@type\":\"SearchAction\",\"target\":{\"@type\":\"EntryPoint\",\"urlTemplate\":\"https:\/\/onepropertygroup.com\/?s={search_term_string}\"},\"query-input\":{\"@type\":\"PropertyValueSpecification\",\"valueRequired\":true,\"valueName\":\"search_term_string\"}}],\"inLanguage\":\"es\"},{\"@type\":\"Organization\",\"@id\":\"https:\/\/onepropertygroup.com\/#organization\",\"name\":\"One Property Group\",\"url\":\"https:\/\/onepropertygroup.com\/\",\"logo\":{\"@type\":\"ImageObject\",\"inLanguage\":\"es\",\"@id\":\"https:\/\/onepropertygroup.com\/#\/schema\/logo\/image\/\",\"url\":\"https:\/\/onepropertygroup.com\/wp-content\/uploads\/2025\/11\/ONE_PROPERTY_GROUP_LOGO_WHITE-01-inject-1.svg\",\"contentUrl\":\"https:\/\/onepropertygroup.com\/wp-content\/uploads\/2025\/11\/ONE_PROPERTY_GROUP_LOGO_WHITE-01-inject-1.svg\",\"caption\":\"One Property Group\"},\"image\":{\"@id\":\"https:\/\/onepropertygroup.com\/#\/schema\/logo\/image\/\"}}]}<\/script>\n<!-- \/ Yoast SEO plugin. -->","yoast_head_json":{"title":"Sobre Nosotros - One Property Group","robots":{"index":"index","follow":"follow","max-snippet":"max-snippet:-1","max-image-preview":"max-image-preview:large","max-video-preview":"max-video-preview:-1"},"canonical":"https:\/\/onepropertygroup.com\/es\/nosotros\/","og_locale":"es_ES","og_type":"article","og_title":"Sobre Nosotros - One Property Group","og_url":"https:\/\/onepropertygroup.com\/es\/nosotros\/","og_site_name":"One Property Group","article_modified_time":"2026-03-03T10:38:26+00:00","twitter_card":"summary_large_image","twitter_misc":{"Tiempo de lectura":"1 minuto"},"schema":{"@context":"https:\/\/schema.org","@graph":[{"@type":"WebPage","@id":"https:\/\/onepropertygroup.com\/es\/nosotros\/","url":"https:\/\/onepropertygroup.com\/es\/nosotros\/","name":"Sobre Nosotros - One Property Group","isPartOf":{"@id":"https:\/\/onepropertygroup.com\/#website"},"datePublished":"2025-10-22T10:06:00+00:00","dateModified":"2026-03-03T10:38:26+00:00","breadcrumb":{"@id":"https:\/\/onepropertygroup.com\/es\/nosotros\/#breadcrumb"},"inLanguage":"es","potentialAction":[{"@type":"ReadAction","target":["https:\/\/onepropertygroup.com\/es\/nosotros\/"]}]},{"@type":"BreadcrumbList","@id":"https:\/\/onepropertygroup.com\/es\/nosotros\/#breadcrumb","itemListElement":[{"@type":"ListItem","position":1,"name":"Home","item":"https:\/\/onepropertygroup.com\/es\/"},{"@type":"ListItem","position":2,"name":"Sobre Nosotros"}]},{"@type":"WebSite","@id":"https:\/\/onepropertygroup.com\/#website","url":"https:\/\/onepropertygroup.com\/","name":"One Property Group","description":"","publisher":{"@id":"https:\/\/onepropertygroup.com\/#organization"},"potentialAction":[{"@type":"SearchAction","target":{"@type":"EntryPoint","urlTemplate":"https:\/\/onepropertygroup.com\/?s={search_term_string}"},"query-input":{"@type":"PropertyValueSpecification","valueRequired":true,"valueName":"search_term_string"}}],"inLanguage":"es"},{"@type":"Organization","@id":"https:\/\/onepropertygroup.com\/#organization","name":"One Property Group","url":"https:\/\/onepropertygroup.com\/","logo":{"@type":"ImageObject","inLanguage":"es","@id":"https:\/\/onepropertygroup.com\/#\/schema\/logo\/image\/","url":"https:\/\/onepropertygroup.com\/wp-content\/uploads\/2025\/11\/ONE_PROPERTY_GROUP_LOGO_WHITE-01-inject-1.svg","contentUrl":"https:\/\/onepropertygroup.com\/wp-content\/uploads\/2025\/11\/ONE_PROPERTY_GROUP_LOGO_WHITE-01-inject-1.svg","caption":"One Property Group"},"image":{"@id":"https:\/\/onepropertygroup.com\/#\/schema\/logo\/image\/"}}]}},"meta_box":{"restrict_access":"0"},"_links":{"self":[{"href":"https:\/\/onepropertygroup.com\/es\/wp-json\/wp\/v2\/pages\/9803","targetHints":{"allow":["GET"]}}],"collection":[{"href":"https:\/\/onepropertygroup.com\/es\/wp-json\/wp\/v2\/pages"}],"about":[{"href":"https:\/\/onepropertygroup.com\/es\/wp-json\/wp\/v2\/types\/page"}],"author":[{"embeddable":true,"href":"https:\/\/onepropertygroup.com\/es\/wp-json\/wp\/v2\/users\/1"}],"replies":[{"embeddable":true,"href":"https:\/\/onepropertygroup.com\/es\/wp-json\/wp\/v2\/comments?post=9803"}],"version-history":[{"count":3,"href":"https:\/\/onepropertygroup.com\/es\/wp-json\/wp\/v2\/pages\/9803\/revisions"}],"predecessor-version":[{"id":10034,"href":"https:\/\/onepropertygroup.com\/es\/wp-json\/wp\/v2\/pages\/9803\/revisions\/10034"}],"wp:attachment":[{"href":"https:\/\/onepropertygroup.com\/es\/wp-json\/wp\/v2\/media?parent=9803"}],"wp:term":[{"taxonomy":"page-category","embeddable":true,"href":"https:\/\/onepropertygroup.com\/es\/wp-json\/wp\/v2\/page-category?post=9803"}],"curies":[{"name":"wp","href":"https:\/\/api.w.org\/{rel}","templated":true}]}}